{"id":231,"date":"2020-12-01T12:03:01","date_gmt":"2020-12-01T11:03:01","guid":{"rendered":"https:\/\/daq2-online.com\/?page_id=231"},"modified":"2024-04-17T11:30:27","modified_gmt":"2024-04-17T09:30:27","slug":"programme","status":"publish","type":"page","link":"https:\/\/daq2630.com\/?page_id=231","title":{"rendered":"Programme"},"content":{"rendered":"<p>[vc_row content_placement=\u00a0\u00bbmiddle\u00a0\u00bb css=\u00a0\u00bb.vc_custom_1607010883966{margin-right: 0px !important;margin-left: 0px !important;background-image: url(https:\/\/daq2-online.com\/wp-content\/uploads\/header_programme-2-1.png?id=405) !important;}\u00a0\u00bb el_id=\u00a0\u00bbsection_programme\u00a0\u00bb][vc_column css=\u00a0\u00bb.vc_custom_1607010604393{padding-top: 0px !important;padding-right: 0px !important;padding-left: 0px !important;}\u00a0\u00bb][vc_column_text el_class=\u00a0\u00bbtext-center\u00a0\u00bb css=\u00a0\u00bb.vc_custom_1607345351315{margin-bottom: 0px !important;}\u00a0\u00bb]<\/p>\n<p class=\"absolute\"><img loading=\"lazy\" decoding=\"async\" class=\"alignnone size-full wp-image-411 absolute hg\" src=\"https:\/\/daq2-online.com\/wp-content\/uploads\/daq-hg.png\" alt=\"\" width=\"254\" height=\"254\" data-aos=\"fade-left\" data-aos-duration=\"800\" data-aos-easing=\"ease-in\" data-aos-delay=\"0\" srcset=\"https:\/\/daq2630.com\/wp-content\/uploads\/daq-hg.png 254w, https:\/\/daq2630.com\/wp-content\/uploads\/daq-hg-150x150.png 150w\" sizes=\"auto, (max-width: 254px) 100vw, 254px\" \/><br \/>\n<img loading=\"lazy\" decoding=\"async\" class=\"alignnone size-full wp-image-410 absolute hd\" src=\"https:\/\/daq2-online.com\/wp-content\/uploads\/daq-hd.png\" alt=\"\" width=\"254\" height=\"254\" data-aos=\"fade-right\" data-aos-duration=\"800\" data-aos-easing=\"ease-in\" data-aos-delay=\"300\" srcset=\"https:\/\/daq2630.com\/wp-content\/uploads\/daq-hd.png 254w, https:\/\/daq2630.com\/wp-content\/uploads\/daq-hd-150x150.png 150w\" sizes=\"auto, (max-width: 254px) 100vw, 254px\" \/><br \/>\n<img loading=\"lazy\" decoding=\"async\" class=\"alignnone size-full wp-image-409 absolute bg\" src=\"https:\/\/daq2-online.com\/wp-content\/uploads\/daq-bg.png\" alt=\"\" width=\"254\" height=\"254\" data-aos=\"fade-left\" data-aos-duration=\"800\" data-aos-easing=\"ease-in\" data-aos-delay=\"600\" srcset=\"https:\/\/daq2630.com\/wp-content\/uploads\/daq-bg.png 254w, https:\/\/daq2630.com\/wp-content\/uploads\/daq-bg-150x150.png 150w\" sizes=\"auto, (max-width: 254px) 100vw, 254px\" \/><br \/>\n<img loading=\"lazy\" decoding=\"async\" class=\"alignnone size-full wp-image-408 absolute bd\" src=\"https:\/\/daq2-online.com\/wp-content\/uploads\/daq-bd.png\" alt=\"\" width=\"254\" height=\"254\" data-aos=\"fade-right\" data-aos-duration=\"800\" data-aos-easing=\"ease-in\" data-aos-delay=\"700\" srcset=\"https:\/\/daq2630.com\/wp-content\/uploads\/daq-bd.png 254w, https:\/\/daq2630.com\/wp-content\/uploads\/daq-bd-150x150.png 150w\" sizes=\"auto, (max-width: 254px) 100vw, 254px\" \/><\/p>\n<h1 class=\"monument dispositif\">Programme<\/h1>\n<p class=\"inter dark-light\"><strong>Votre parcours personnalis\u00e9 et s\u00e9curis\u00e9, un acc\u00e8s \u00e0 la qualification<\/strong><\/p>\n<p class=\"arial dark-lighter\">Un rythme, des outils, des contenus et des m\u00e9thodes d\u2019apprentissage qui vous correspondent en tout point.<\/p>\n<p>[\/vc_column_text][\/vc_column][\/vc_row][vc_row content_placement=\u00a0\u00bbmiddle\u00a0\u00bb css=\u00a0\u00bb.vc_custom_1606913458926{margin-right: 0px !important;margin-left: 0px !important;background-image: url(https:\/\/daq2-online.com\/wp-content\/uploads\/fond-1.jpg?id=276) !important;}\u00a0\u00bb el_id=\u00a0\u00bbsection_capprojet\u00a0\u00bb][vc_column css_animation=\u00a0\u00bbright-to-left\u00a0\u00bb width=\u00a0\u00bb1\/2&Prime; css=\u00a0\u00bb.vc_custom_1607345537504{padding-top: 0px !important;padding-right: 35px !important;}\u00a0\u00bb offset=\u00a0\u00bbvc_col-lg-6 vc_col-md-6 vc_hidden-xs\u00a0\u00bb][vc_single_image image=\u00a0\u00bb282&Prime; img_size=\u00a0\u00bbfull\u00a0\u00bb css_animation=\u00a0\u00bbright-to-left\u00a0\u00bb css=\u00a0\u00bb.vc_custom_1607345445511{margin-bottom: 0px !important;}\u00a0\u00bb el_class=\u00a0\u00bbimg-daq-projet\u00a0\u00bb][\/vc_column][vc_column css_animation=\u00a0\u00bbleft-to-right\u00a0\u00bb width=\u00a0\u00bb1\/2&Prime; el_class=\u00a0\u00bbcol-capprojet\u00a0\u00bb offset=\u00a0\u00bbvc_col-lg-6 vc_col-md-6 vc_col-xs-12&Prime;][vc_column_text css_animation=\u00a0\u00bbleft-to-right\u00a0\u00bb css=\u00a0\u00bb.vc_custom_1607345472279{margin-bottom: 0px !important;}\u00a0\u00bb]<\/p>\n<h4 class=\"monument dispositif darker-white\">Cap<\/h4>\n<h4 class=\"monument w-fit-content dispositif text-projet\">Projet<\/h4>\n<p class=\"inter formation-size-font darker-white\"><strong>Phase d\u2019accueil, diagnostic et construction de parcours<\/strong><\/p>\n<p class=\"arial darker-white\">Vous participez \u00e0 divers ateliers personnalis\u00e9s et construisez votre parcours de formation avec votre accompagnateur.<\/p>\n<p>[\/vc_column_text][\/vc_column][\/vc_row][vc_row content_placement=\u00a0\u00bbmiddle\u00a0\u00bb css=\u00a0\u00bb.vc_custom_1606912320964{margin-right: 0px !important;margin-left: 0px !important;background-image: url(https:\/\/daq2-online.com\/wp-content\/uploads\/fond-2.jpg?id=295) !important;}\u00a0\u00bb el_id=\u00a0\u00bbsection_qualif\u00a0\u00bb][vc_column css_animation=\u00a0\u00bbright-to-left\u00a0\u00bb width=\u00a0\u00bb1\/2&Prime; el_class=\u00a0\u00bbcol-qualif\u00a0\u00bb offset=\u00a0\u00bbvc_col-lg-6 vc_col-md-6 vc_col-xs-12&Prime;][vc_column_text css_animation=\u00a0\u00bbnone\u00a0\u00bb css=\u00a0\u00bb.vc_custom_1607345512982{margin-bottom: 0px !important;}\u00a0\u00bb]<\/p>\n<h4 class=\"monument dispositif darker-white\">Destination<\/h4>\n<h4 class=\"monument w-fit-content dispositif text-qualif\">Qualif<\/h4>\n<p class=\"inter formation-size-font darker-white\"><strong>Des modules et ateliers pour acqu\u00e9rir<br \/>\nles pr\u00e9requis g\u00e9n\u00e9raux et professionnels<\/strong><\/p>\n<p class=\"arial darker-white\">Un parcours continue centr\u00e9 sur vos besoins en int\u00e9grant le d\u00e9veloppement des comp\u00e9tences sociales, citoyennes et le savoir apprendre<\/p>\n<p>[\/vc_column_text][\/vc_column][vc_column css_animation=\u00a0\u00bbleft-to-right\u00a0\u00bb width=\u00a0\u00bb1\/2&Prime; css=\u00a0\u00bb.vc_custom_1607345506174{padding-top: 0px !important;padding-left: 35px !important;}\u00a0\u00bb el_class=\u00a0\u00bbcol-multiple-img-programme\u00a0\u00bb offset=\u00a0\u00bbvc_col-lg-6 vc_col-md-6 vc_hidden-xs\u00a0\u00bb][vc_single_image image=\u00a0\u00bb306&Prime; img_size=\u00a0\u00bbfull\u00a0\u00bb css=\u00a0\u00bb.vc_custom_1607009202444{margin-bottom: 0px !important;}\u00a0\u00bb el_class=\u00a0\u00bbimg-vr-2&Prime;][vc_single_image image=\u00a0\u00bb303&Prime; img_size=\u00a0\u00bbfull\u00a0\u00bb el_class=\u00a0\u00bbimg-cuisine absolute\u00a0\u00bb css=\u00a0\u00bb.vc_custom_1606906130161{margin-bottom: 0px !important;}\u00a0\u00bb][vc_single_image image=\u00a0\u00bb304&Prime; img_size=\u00a0\u00bbfull\u00a0\u00bb el_class=\u00a0\u00bbimg-meeting absolute\u00a0\u00bb css=\u00a0\u00bb.vc_custom_1606906135682{margin-bottom: 0px !important;}\u00a0\u00bb][vc_single_image image=\u00a0\u00bb305&Prime; img_size=\u00a0\u00bbfull\u00a0\u00bb el_class=\u00a0\u00bbimg-robot absolute\u00a0\u00bb css=\u00a0\u00bb.vc_custom_1606906140738{margin-bottom: 0px !important;}\u00a0\u00bb][\/vc_column][\/vc_row][vc_row content_placement=\u00a0\u00bbmiddle\u00a0\u00bb css=\u00a0\u00bb.vc_custom_1606898350041{margin-right: 0px !important;margin-left: 0px !important;background-image: url(https:\/\/daq2-online.com\/wp-content\/uploads\/certification.jpg?id=264) !important;}\u00a0\u00bb el_id=\u00a0\u00bbsection_certification\u00a0\u00bb][vc_column el_class=\u00a0\u00bbcol-certification\u00a0\u00bb css=\u00a0\u00bb.vc_custom_1606898437879{padding-top: 0px !important;}\u00a0\u00bb][vc_column_text css=\u00a0\u00bb.vc_custom_1607073119928{margin-bottom: 0px !important;background-color: rgba(255,255,255,0.01) !important;*background-color: rgb(255,255,255) !important;}\u00a0\u00bb el_class=\u00a0\u00bbtext-certification\u00a0\u00bb]<\/p>\n<h4 class=\"monument gradient text-gradient w-fit-content dispositif\">Certification<\/h4>\n<p class=\"inter formation-size-font text-center\"><strong>Retour \u00e0 l\u2019emploi, contrat d\u2019alternance ou formation qualifiante<\/strong><\/p>\n<p>[\/vc_column_text][\/vc_column][\/vc_row][vc_row equal_height=\u00a0\u00bbyes\u00a0\u00bb content_placement=\u00a0\u00bbmiddle\u00a0\u00bb el_class=\u00a0\u00bbsection_pedagogie_class section_check\u00a0\u00bb css=\u00a0\u00bb.vc_custom_1607008816095{margin-right: 0px !important;margin-left: 0px !important;background: #f1f5fc url(https:\/\/daq2-online.com\/wp-content\/uploads\/pedagogie.jpg?id=141) !important;}\u00a0\u00bb][vc_column width=\u00a0\u00bb1\/2&Prime; css=\u00a0\u00bb.vc_custom_1606897041249{padding-top: 0px !important;padding-right: 35px !important;padding-bottom: 0px !important;padding-left: 0px !important;}\u00a0\u00bb offset=\u00a0\u00bbvc_col-lg-6 vc_col-md-4 vc_hidden-sm vc_hidden-xs\u00a0\u00bb][vc_single_image image=\u00a0\u00bb241&Prime; img_size=\u00a0\u00bbfull\u00a0\u00bb el_class=\u00a0\u00bbimg-pedagogie\u00a0\u00bb][\/vc_column][vc_column css=\u00a0\u00bb.vc_custom_1607072746636{padding-top: 0px !important;padding-right: 0px !important;padding-bottom: 0px !important;padding-left: 35px !important;}\u00a0\u00bb offset=\u00a0\u00bbvc_col-lg-6 vc_col-md-8 vc_col-xs-12&Prime; el_class=\u00a0\u00bbcol-accompagne\u00a0\u00bb][vc_column_text]<\/p>\n<h4 class=\"monument dispositif\">Vous \u00eates<\/h4>\n<h4 class=\"monument gradient text-gradient w-fit-content dispositif\">Accompagn\u00e9<\/h4>\n<p class=\"inter formation-size-font\"><strong>Un accompagnateur de parcours<br \/>\npermanent pour chacun.<\/strong><\/p>\n<p class=\"arial w-70 txt-accompa\">L\u2019accompagnateur sera un soutien essentiel dans votre parcours. Il vous oriente, fait le point sur vos difficult\u00e9s, vous motive et adapte votre projet si n\u00e9cessaire.<\/p>\n<p>[\/vc_column_text][\/vc_column][\/vc_row][vc_row css=\u00a0\u00bb.vc_custom_1607526663723{margin-right: 0px !important;margin-left: 0px !important;}\u00a0\u00bb][vc_column css=\u00a0\u00bb.vc_custom_1607586590195{padding-top: 0px !important;padding-right: 0px !important;padding-bottom: 0px !important;padding-left: 0px !important;}\u00a0\u00bb offset=\u00a0\u00bbvc_hidden-sm vc_hidden-xs\u00a0\u00bb][vc_column_text css=\u00a0\u00bb.vc_custom_1713342907350{margin-bottom: 0px !important;}\u00a0\u00bb]<\/p>\n<div class=\"banniere\">\n<div class=\"gauche-logo\" style=\"width: 100%; margin:30px 0\">\n<div><img loading=\"lazy\" decoding=\"async\" class=\"alignnone wp-image-612 size-full\" src=\"https:\/\/daq2-online.com\/wp-content\/uploads\/Onlineformapro.jpg\" alt=\"\" width=\"428\" height=\"214\" srcset=\"https:\/\/daq2630.com\/wp-content\/uploads\/Onlineformapro.jpg 428w, https:\/\/daq2630.com\/wp-content\/uploads\/Onlineformapro-300x150.jpg 300w\" sizes=\"auto, (max-width: 428px) 100vw, 428px\" \/><img loading=\"lazy\" decoding=\"async\" class=\"alignnone wp-image-548 size-full\" src=\"https:\/\/daq2-online.com\/wp-content\/uploads\/01-RegBFC-Logo-Cartouche-edition-CMJN.jpg\" alt=\"\" width=\"428\" height=\"214\" srcset=\"https:\/\/daq2630.com\/wp-content\/uploads\/01-RegBFC-Logo-Cartouche-edition-CMJN.jpg 428w, https:\/\/daq2630.com\/wp-content\/uploads\/01-RegBFC-Logo-Cartouche-edition-CMJN-300x150.jpg 300w\" sizes=\"auto, (max-width: 428px) 100vw, 428px\" \/><img loading=\"lazy\" decoding=\"async\" class=\"alignnone wp-image-549 size-full\" src=\"https:\/\/daq2-online.com\/wp-content\/uploads\/02-REGION-BFC-Plan-Relance-Logo-2020_ss-fond-1.jpg\" alt=\"\" width=\"428\" height=\"214\" srcset=\"https:\/\/daq2630.com\/wp-content\/uploads\/02-REGION-BFC-Plan-Relance-Logo-2020_ss-fond-1.jpg 428w, https:\/\/daq2630.com\/wp-content\/uploads\/02-REGION-BFC-Plan-Relance-Logo-2020_ss-fond-1-300x150.jpg 300w\" sizes=\"auto, (max-width: 428px) 100vw, 428px\" \/><img loading=\"lazy\" decoding=\"async\" class=\"alignnone wp-image-550 size-full\" src=\"https:\/\/daq2-online.com\/wp-content\/uploads\/03-prefecture-BFC-1.jpg\" alt=\"\" width=\"428\" height=\"214\" srcset=\"https:\/\/daq2630.com\/wp-content\/uploads\/03-prefecture-BFC-1.jpg 428w, https:\/\/daq2630.com\/wp-content\/uploads\/03-prefecture-BFC-1-300x150.jpg 300w\" sizes=\"auto, (max-width: 428px) 100vw, 428px\" \/><img loading=\"lazy\" decoding=\"async\" class=\"alignnone wp-image-551 size-full\" src=\"https:\/\/daq2-online.com\/wp-content\/uploads\/04-PRIC-1.jpg\" alt=\"\" width=\"428\" height=\"214\" srcset=\"https:\/\/daq2630.com\/wp-content\/uploads\/04-PRIC-1.jpg 428w, https:\/\/daq2630.com\/wp-content\/uploads\/04-PRIC-1-300x150.jpg 300w\" sizes=\"auto, (max-width: 428px) 100vw, 428px\" \/><img loading=\"lazy\" decoding=\"async\" class=\"alignnone wp-image-552 size-full\" src=\"https:\/\/daq2-online.com\/wp-content\/uploads\/05-france-relance-logo-RVB-1.jpg\" alt=\"\" width=\"428\" height=\"214\" srcset=\"https:\/\/daq2630.com\/wp-content\/uploads\/05-france-relance-logo-RVB-1.jpg 428w, https:\/\/daq2630.com\/wp-content\/uploads\/05-france-relance-logo-RVB-1-300x150.jpg 300w\" sizes=\"auto, (max-width: 428px) 100vw, 428px\" \/><img loading=\"lazy\" decoding=\"async\" class=\"alignnone wp-image-553 size-full\" src=\"https:\/\/daq2-online.com\/wp-content\/uploads\/06-agefiph-2.jpg\" alt=\"\" width=\"428\" height=\"214\" srcset=\"https:\/\/daq2630.com\/wp-content\/uploads\/06-agefiph-2.jpg 428w, https:\/\/daq2630.com\/wp-content\/uploads\/06-agefiph-2-300x150.jpg 300w\" sizes=\"auto, (max-width: 428px) 100vw, 428px\" \/><\/div>\n<\/div>\n<\/div>\n<p>[\/vc_column_text][\/vc_column][\/vc_row][vc_row css=\u00a0\u00bb.vc_custom_1607528345818{margin-right: 0px !important;margin-left: 0px !important;}\u00a0\u00bb][vc_column css=\u00a0\u00bb.vc_custom_1607586597844{padding-top: 0px !important;}\u00a0\u00bb offset=\u00a0\u00bbvc_hidden-lg vc_hidden-md\u00a0\u00bb][vc_images_carousel images=\u00a0\u00bb612,548,549,550,551,552,553&Prime; img_size=\u00a0\u00bbfull\u00a0\u00bb onclick=\u00a0\u00bblink_no\u00a0\u00bb slides_per_view=\u00a0\u00bb3&Prime; autoplay=\u00a0\u00bbyes\u00a0\u00bb hide_pagination_control=\u00a0\u00bbyes\u00a0\u00bb hide_prev_next_buttons=\u00a0\u00bbyes\u00a0\u00bb wrap=\u00a0\u00bbyes\u00a0\u00bb el_class=\u00a0\u00bbcarousel-logo\u00a0\u00bb css=\u00a0\u00bb.vc_custom_1713342765912{margin-bottom: 0px !important;padding-top: 15px !important;padding-bottom: 15px !important;}\u00a0\u00bb][\/vc_column][\/vc_row][vc_row css=\u00a0\u00bb.vc_custom_1607528555592{margin-right: 0px !important;margin-bottom: 0px !important;margin-left: 0px !important;}\u00a0\u00bb][vc_column css=\u00a0\u00bb.vc_custom_1607528416626{padding-top: 0px !important;padding-right: 0px !important;padding-bottom: 0px !important;padding-left: 0px !important;}\u00a0\u00bb][vc_raw_html css=\u00a0\u00bb.vc_custom_1713346285151{margin-bottom: 0px !important;}\u00a0\u00bb]JTNDZGl2JTIwaWQlM0QlMjJjdXN0b20tZm9vdGVyJTIyJTNFJTBBJTIwJTIwJTIwJTIwJTNDZGl2JTIwY2xhc3MlM0QlMjJ3LTEwMCUyMiUzRSUwQSUyMCUyMCUyMCUyMCUyMCUyMCUyMCUyMCUzQ2ltZyUyMHNyYyUzRCUyMmh0dHBzJTNBJTJGJTJGZGFxMi1vbmxpbmUuY29tJTJGd3AtY29udGVudCUyRnVwbG9hZHMlMkZkYXFfZm9vdGVyLnBuZyUyMiUyMCUyMGFsdCUzRCUyMmxvZ28lMjBkYXEyLW9ubGluZSUyMFVuZSUyMHAlQzMlQTlkYWdvZ2llJTIwaW5ub3ZhbnRlJTIwcG91ciUyMGludmVudGVyJTIwZXQlMjBjb25zdHJ1aXJlJTIwc29uJTIwcHJvamV0JTIwcHJvZmVzc2lvbm5lbCUyMCUyMiUyMHdpZHRoJTNEJTIyMTkwMyUyMiUyMGhlaWdodCUzRCUyMjEyMCUyMiUzRSUwQSUyMCUyMCUyMCUyMCUyMCUyMCUyMCUyMCUzQ3AlMjBjbGFzcyUzRCUyMm0tYXV0byUyMG1vbnVtZW50JTIwZ3JhZGllbnQlMjB0ZXh0LWdyYWRpZW50JTIwdy1maXQtY29udGVudCUyMGRpc3Bvc2l0aWYlMjB0ZXh0LWNlbnRlciUyMHJlam9pbmRyZSUyMiUzRU5vdXMlMjByZWpvaW5kcmUlM0MlMkZwJTNFJTBBJTIwJTIwJTIwJTIwJTIwJTIwJTIwJTIwJTNDcCUyMGNsYXNzJTNEJTIybS1hdXRvJTIwaW50ZXIlMjB0ZXh0LWNlbnRlciUyMHdoaXRlJTIwbnVtZXJvJTIyJTNFUHJlbmV6JTIwY29udGFjdCUyMGF2ZWMlMjB2b3RyZSUyMGNvbnNlaWxsZXIlMjBGcmFuY2UlMjBUcmF2YWlsJTJDJTIwbGVzJTIwTWlzc2lvbnMlMjBsb2NhbGVzJTIwZXQlMjBDYXAlMjBFbXBsb2klMEElMjAlMjAlMjAlMjAlMjAlMjAlMjAlMjAlMjAlMjAlMjAlMjBvdSUyMGNvbnRhY3Rlei1ub3VzJTIwYXUlMjAwMy44NC43Ni45MC44MyUzQyUyRnAlM0UlMEElMjAlMjAlMjAlMjAlM0MlMkZkaXYlM0UlMEElM0MlMkZkaXYlM0U=[\/vc_raw_html][\/vc_column][\/vc_row]<\/p>\n","protected":false},"excerpt":{"rendered":"<p>[vc_row content_placement=\u00a0\u00bbmiddle\u00a0\u00bb css=\u00a0\u00bb.vc_custom_1607010883966{margin-right: 0px !important;margin-left: 0px !important;background-image: url(https:\/\/daq2-online.com\/wp-content\/uploads\/header_programme-2-1.png?id=405) !important;}\u00a0\u00bb el_id=\u00a0\u00bbsection_programme\u00a0\u00bb][vc_column css=\u00a0\u00bb.vc_custom_1607010604393{padding-top: 0px !important;padding-right: 0px !important;padding-left: 0px !important;}\u00a0\u00bb][vc_column_text el_class=\u00a0\u00bbtext-center\u00a0\u00bb css=\u00a0\u00bb.vc_custom_1607345351315{margin-bottom: 0px !important;}\u00a0\u00bb] Programme Votre parcours personnalis\u00e9 et s\u00e9curis\u00e9, un acc\u00e8s \u00e0 la qualification Un rythme, des outils, des contenus et des m\u00e9thodes d\u2019apprentissage qui vous correspondent en tout point. [\/vc_column_text][\/vc_column][\/vc_row][vc_row content_placement=\u00a0\u00bbmiddle\u00a0\u00bb css=\u00a0\u00bb.vc_custom_1606913458926{margin-right: 0px !important;margin-left: 0px !important;background-image: [&hellip;]<\/p>\n","protected":false},"author":1,"featured_media":0,"parent":0,"menu_order":0,"comment_status":"closed","ping_status":"closed","template":"","meta":{"footnotes":""},"class_list":["post-231","page","type-page","status-publish","hentry"],"yoast_head":"<!-- This site is optimized with the Yoast SEO plugin v26.6 - https:\/\/yoast.com\/wordpress\/plugins\/seo\/ -->\n<title>Programme - DAQ 26\/30<\/title>\n<meta name=\"description\" content=\"DAQ2 une p\u00e9dagogie innovante pour inventer et construire son projet professionnel ! Soyez acteur et inventez votre avenir !\" \/>\n<meta name=\"robots\" content=\"index, follow, max-snippet:-1, max-image-preview:large, max-video-preview:-1\" \/>\n<link rel=\"canonical\" href=\"https:\/\/daq2630.com\/?page_id=231\" \/>\n<meta property=\"og:locale\" content=\"fr_FR\" \/>\n<meta property=\"og:type\" content=\"article\" \/>\n<meta property=\"og:title\" content=\"Programme - DAQ 26\/30\" \/>\n<meta property=\"og:description\" content=\"DAQ2 une p\u00e9dagogie innovante pour inventer et construire son projet professionnel ! Soyez acteur et inventez votre avenir !\" \/>\n<meta property=\"og:url\" content=\"https:\/\/daq2630.com\/?page_id=231\" \/>\n<meta property=\"og:site_name\" content=\"DAQ 26\/30\" \/>\n<meta property=\"article:modified_time\" content=\"2024-04-17T09:30:27+00:00\" \/>\n<meta property=\"og:image\" content=\"https:\/\/daq2-online.com\/wp-content\/uploads\/daq-hg.png\" \/>\n<meta name=\"twitter:card\" content=\"summary_large_image\" \/>\n<meta name=\"twitter:label1\" content=\"Dur\u00e9e de lecture estim\u00e9e\" \/>\n\t<meta name=\"twitter:data1\" content=\"4 minutes\" \/>\n<script type=\"application\/ld+json\" class=\"yoast-schema-graph\">{\"@context\":\"https:\/\/schema.org\",\"@graph\":[{\"@type\":\"WebPage\",\"@id\":\"https:\/\/daq2630.com\/?page_id=231\",\"url\":\"https:\/\/daq2630.com\/?page_id=231\",\"name\":\"Programme - DAQ 26\/30\",\"isPartOf\":{\"@id\":\"https:\/\/daq2630.com\/#website\"},\"primaryImageOfPage\":{\"@id\":\"https:\/\/daq2630.com\/?page_id=231#primaryimage\"},\"image\":{\"@id\":\"https:\/\/daq2630.com\/?page_id=231#primaryimage\"},\"thumbnailUrl\":\"https:\/\/daq2-online.com\/wp-content\/uploads\/daq-hg.png\",\"datePublished\":\"2020-12-01T11:03:01+00:00\",\"dateModified\":\"2024-04-17T09:30:27+00:00\",\"description\":\"DAQ2 une p\u00e9dagogie innovante pour inventer et construire son projet professionnel ! Soyez acteur et inventez votre avenir !\",\"breadcrumb\":{\"@id\":\"https:\/\/daq2630.com\/?page_id=231#breadcrumb\"},\"inLanguage\":\"fr-FR\",\"potentialAction\":[{\"@type\":\"ReadAction\",\"target\":[\"https:\/\/daq2630.com\/?page_id=231\"]}]},{\"@type\":\"ImageObject\",\"inLanguage\":\"fr-FR\",\"@id\":\"https:\/\/daq2630.com\/?page_id=231#primaryimage\",\"url\":\"https:\/\/daq2-online.com\/wp-content\/uploads\/daq-hg.png\",\"contentUrl\":\"https:\/\/daq2-online.com\/wp-content\/uploads\/daq-hg.png\"},{\"@type\":\"BreadcrumbList\",\"@id\":\"https:\/\/daq2630.com\/?page_id=231#breadcrumb\",\"itemListElement\":[{\"@type\":\"ListItem\",\"position\":1,\"name\":\"Home\",\"item\":\"https:\/\/daq2630.com\/\"},{\"@type\":\"ListItem\",\"position\":2,\"name\":\"Programme\"}]},{\"@type\":\"WebSite\",\"@id\":\"https:\/\/daq2630.com\/#website\",\"url\":\"https:\/\/daq2630.com\/\",\"name\":\"DAQ 26\/30\",\"description\":\"\",\"publisher\":{\"@id\":\"https:\/\/daq2630.com\/#organization\"},\"potentialAction\":[{\"@type\":\"SearchAction\",\"target\":{\"@type\":\"EntryPoint\",\"urlTemplate\":\"https:\/\/daq2630.com\/?s={search_term_string}\"},\"query-input\":{\"@type\":\"PropertyValueSpecification\",\"valueRequired\":true,\"valueName\":\"search_term_string\"}}],\"inLanguage\":\"fr-FR\"},{\"@type\":\"Organization\",\"@id\":\"https:\/\/daq2630.com\/#organization\",\"name\":\"Daq2630-online\",\"url\":\"https:\/\/daq2630.com\/\",\"logo\":{\"@type\":\"ImageObject\",\"inLanguage\":\"fr-FR\",\"@id\":\"https:\/\/daq2630.com\/#\/schema\/logo\/image\/\",\"url\":\"https:\/\/daq2630.com\/wp-content\/uploads\/logo-header.png\",\"contentUrl\":\"https:\/\/daq2630.com\/wp-content\/uploads\/logo-header.png\",\"width\":878,\"height\":323,\"caption\":\"Daq2630-online\"},\"image\":{\"@id\":\"https:\/\/daq2630.com\/#\/schema\/logo\/image\/\"}}]}<\/script>\n<!-- \/ Yoast SEO plugin. -->","yoast_head_json":{"title":"Programme - DAQ 26\/30","description":"DAQ2 une p\u00e9dagogie innovante pour inventer et construire son projet professionnel ! Soyez acteur et inventez votre avenir !","robots":{"index":"index","follow":"follow","max-snippet":"max-snippet:-1","max-image-preview":"max-image-preview:large","max-video-preview":"max-video-preview:-1"},"canonical":"https:\/\/daq2630.com\/?page_id=231","og_locale":"fr_FR","og_type":"article","og_title":"Programme - DAQ 26\/30","og_description":"DAQ2 une p\u00e9dagogie innovante pour inventer et construire son projet professionnel ! Soyez acteur et inventez votre avenir !","og_url":"https:\/\/daq2630.com\/?page_id=231","og_site_name":"DAQ 26\/30","article_modified_time":"2024-04-17T09:30:27+00:00","og_image":[{"url":"https:\/\/daq2-online.com\/wp-content\/uploads\/daq-hg.png","type":"","width":"","height":""}],"twitter_card":"summary_large_image","twitter_misc":{"Dur\u00e9e de lecture estim\u00e9e":"4 minutes"},"schema":{"@context":"https:\/\/schema.org","@graph":[{"@type":"WebPage","@id":"https:\/\/daq2630.com\/?page_id=231","url":"https:\/\/daq2630.com\/?page_id=231","name":"Programme - DAQ 26\/30","isPartOf":{"@id":"https:\/\/daq2630.com\/#website"},"primaryImageOfPage":{"@id":"https:\/\/daq2630.com\/?page_id=231#primaryimage"},"image":{"@id":"https:\/\/daq2630.com\/?page_id=231#primaryimage"},"thumbnailUrl":"https:\/\/daq2-online.com\/wp-content\/uploads\/daq-hg.png","datePublished":"2020-12-01T11:03:01+00:00","dateModified":"2024-04-17T09:30:27+00:00","description":"DAQ2 une p\u00e9dagogie innovante pour inventer et construire son projet professionnel ! Soyez acteur et inventez votre avenir !","breadcrumb":{"@id":"https:\/\/daq2630.com\/?page_id=231#breadcrumb"},"inLanguage":"fr-FR","potentialAction":[{"@type":"ReadAction","target":["https:\/\/daq2630.com\/?page_id=231"]}]},{"@type":"ImageObject","inLanguage":"fr-FR","@id":"https:\/\/daq2630.com\/?page_id=231#primaryimage","url":"https:\/\/daq2-online.com\/wp-content\/uploads\/daq-hg.png","contentUrl":"https:\/\/daq2-online.com\/wp-content\/uploads\/daq-hg.png"},{"@type":"BreadcrumbList","@id":"https:\/\/daq2630.com\/?page_id=231#breadcrumb","itemListElement":[{"@type":"ListItem","position":1,"name":"Home","item":"https:\/\/daq2630.com\/"},{"@type":"ListItem","position":2,"name":"Programme"}]},{"@type":"WebSite","@id":"https:\/\/daq2630.com\/#website","url":"https:\/\/daq2630.com\/","name":"DAQ 26\/30","description":"","publisher":{"@id":"https:\/\/daq2630.com\/#organization"},"potentialAction":[{"@type":"SearchAction","target":{"@type":"EntryPoint","urlTemplate":"https:\/\/daq2630.com\/?s={search_term_string}"},"query-input":{"@type":"PropertyValueSpecification","valueRequired":true,"valueName":"search_term_string"}}],"inLanguage":"fr-FR"},{"@type":"Organization","@id":"https:\/\/daq2630.com\/#organization","name":"Daq2630-online","url":"https:\/\/daq2630.com\/","logo":{"@type":"ImageObject","inLanguage":"fr-FR","@id":"https:\/\/daq2630.com\/#\/schema\/logo\/image\/","url":"https:\/\/daq2630.com\/wp-content\/uploads\/logo-header.png","contentUrl":"https:\/\/daq2630.com\/wp-content\/uploads\/logo-header.png","width":878,"height":323,"caption":"Daq2630-online"},"image":{"@id":"https:\/\/daq2630.com\/#\/schema\/logo\/image\/"}}]}},"_links":{"self":[{"href":"https:\/\/daq2630.com\/index.php?rest_route=\/wp\/v2\/pages\/231","targetHints":{"allow":["GET"]}}],"collection":[{"href":"https:\/\/daq2630.com\/index.php?rest_route=\/wp\/v2\/pages"}],"about":[{"href":"https:\/\/daq2630.com\/index.php?rest_route=\/wp\/v2\/types\/page"}],"author":[{"embeddable":true,"href":"https:\/\/daq2630.com\/index.php?rest_route=\/wp\/v2\/users\/1"}],"replies":[{"embeddable":true,"href":"https:\/\/daq2630.com\/index.php?rest_route=%2Fwp%2Fv2%2Fcomments&post=231"}],"version-history":[{"count":132,"href":"https:\/\/daq2630.com\/index.php?rest_route=\/wp\/v2\/pages\/231\/revisions"}],"predecessor-version":[{"id":670,"href":"https:\/\/daq2630.com\/index.php?rest_route=\/wp\/v2\/pages\/231\/revisions\/670"}],"wp:attachment":[{"href":"https:\/\/daq2630.com\/index.php?rest_route=%2Fwp%2Fv2%2Fmedia&parent=231"}],"curies":[{"name":"wp","href":"https:\/\/api.w.org\/{rel}","templated":true}]}}